{"id":32,"date":"2026-01-18T16:58:19","date_gmt":"2026-01-18T15:58:19","guid":{"rendered":"http:\/\/studio2c.net\/?page_id=32"},"modified":"2026-01-18T17:56:08","modified_gmt":"2026-01-18T16:56:08","slug":"bienvenue","status":"publish","type":"page","link":"https:\/\/studio2c.net\/","title":{"rendered":"Bienvenue"},"content":{"rendered":"\n<div style=\"height:var(--wp--preset--spacing--50)\" aria-hidden=\"true\" class=\"wp-block-spacer\"><\/div>\n\n\n\n<div class=\"wp-block-group alignwide has-global-padding is-layout-constrained wp-block-group-is-layout-constrained\">\n<h1 class=\"wp-block-heading alignwide has-xx-large-font-size\" style=\"line-height:1.2\">Le Studio 2C est un collectif d&#8217;artistes travaillant dans l&#8217;\u00e9dition et le jeu vid\u00e9o<\/h1>\n\n\n\n<p>Site en cours de construction<\/p>\n<\/div>\n\n\n\n<div class=\"wp-block-group alignfull has-global-padding is-layout-constrained wp-container-core-group-is-layout-b25ccd55 wp-block-group-is-layout-constrained\" style=\"margin-top:0;margin-bottom:0;padding-top:var(--wp--preset--spacing--50);padding-right:var(--wp--preset--spacing--50);padding-bottom:var(--wp--preset--spacing--50);padding-left:var(--wp--preset--spacing--50)\">\n<div class=\"wp-block-columns alignwide is-layout-flex wp-container-core-columns-is-layout-ff4b9c61 wp-block-columns-is-layout-flex\" style=\"margin-top:0;margin-bottom:0\">\n<div class=\"wp-block-column is-layout-flow wp-container-core-column-is-layout-8a368f38 wp-block-column-is-layout-flow\">\n\n\n<div style=\"height:var(--wp--preset--spacing--50)\" aria-hidden=\"true\" class=\"wp-block-spacer\"><\/div>\n\n\n\n\n\n<div style=\"height:var(--wp--preset--spacing--50)\" aria-hidden=\"true\" class=\"wp-block-spacer\"><\/div>\n\n\n<\/div>\n\n\n\n<div class=\"wp-block-column is-layout-flow wp-container-core-column-is-layout-8a368f38 wp-block-column-is-layout-flow\">\n<div style=\"height:var(--wp--preset--spacing--50)\" aria-hidden=\"true\" class=\"wp-block-spacer\"><\/div>\n\n\n\n\n\n<div style=\"height:var(--wp--preset--spacing--50)\" aria-hidden=\"true\" class=\"wp-block-spacer\"><\/div>\n\n\n\n\n\n<div style=\"height:var(--wp--preset--spacing--50)\" aria-hidden=\"true\" class=\"wp-block-spacer\"><\/div>\n\n\n<\/div>\n\n\n\n<div class=\"wp-block-column is-layout-flow wp-container-core-column-is-layout-8a368f38 wp-block-column-is-layout-flow\">\n\n\n<div style=\"height:var(--wp--preset--spacing--50)\" aria-hidden=\"true\" class=\"wp-block-spacer\"><\/div>\n\n\n\n\n\n<div style=\"height:var(--wp--preset--spacing--50)\" aria-hidden=\"true\" class=\"wp-block-spacer\"><\/div>\n\n\n<\/div>\n\n\n\n<div class=\"wp-block-column is-layout-flow wp-container-core-column-is-layout-8a368f38 wp-block-column-is-layout-flow\">\n<div style=\"height:var(--wp--preset--spacing--50)\" aria-hidden=\"true\" class=\"wp-block-spacer\"><\/div>\n\n\n\n\n\n<div style=\"height:var(--wp--preset--spacing--50)\" aria-hidden=\"true\" class=\"wp-block-spacer\"><\/div>\n\n\n\n\n\n<div style=\"height:var(--wp--preset--spacing--50)\" aria-hidden=\"true\" class=\"wp-block-spacer\"><\/div>\n\n\n<\/div>\n<\/div>\n<\/div>\n\n\n\n<div class=\"wp-block-group alignfull has-global-padding is-layout-constrained wp-block-group-is-layout-constrained\" style=\"padding-top:var(--wp--preset--spacing--50);padding-bottom:var(--wp--preset--spacing--50)\">\n<div class=\"wp-block-columns alignwide is-layout-flex wp-container-core-columns-is-layout-28f84493 wp-block-columns-is-layout-flex\">\n<div class=\"wp-block-column is-layout-flow wp-block-column-is-layout-flow\" style=\"flex-basis:30%\">\n<div class=\"wp-block-group is-vertical is-layout-flex wp-container-core-group-is-layout-fe9cc265 wp-block-group-is-layout-flex\"><div class=\"wp-block-site-logo\"><a href=\"https:\/\/studio2c.net\/\" class=\"custom-logo-link\" rel=\"home\"><img loading=\"lazy\" decoding=\"async\" width=\"20\" height=\"20\" src=\"https:\/\/studio2c.net\/wp-content\/uploads\/2026\/01\/logo-S2C-2.png\" class=\"custom-logo\" alt=\"Studio2C\" srcset=\"https:\/\/studio2c.net\/wp-content\/uploads\/2026\/01\/logo-S2C-2.png 200w, https:\/\/studio2c.net\/wp-content\/uploads\/2026\/01\/logo-S2C-2-150x150.png 150w\" sizes=\"auto, (max-width: 20px) 100vw, 20px\" \/><\/a><\/div>\n\n<p class=\"wp-block-site-title has-medium-font-size\"><a href=\"https:\/\/studio2c.net\" target=\"_self\" rel=\"home\">Studio2C<\/a><\/p>\n\n<p class=\"wp-block-site-tagline has-small-font-size\">Prestations litt\u00e9raires &amp; vid\u00e9oludiques depuis 2015<\/p><\/div>\n<\/div>\n\n\n\n<div class=\"wp-block-column is-layout-flow wp-block-column-is-layout-flow\" style=\"flex-basis:20%\"><\/div>\n\n\n\n<div class=\"wp-block-column is-layout-flow wp-block-column-is-layout-flow\" style=\"flex-basis:50%\">\n<div class=\"wp-block-group is-content-justification-space-between is-layout-flex wp-container-core-group-is-layout-e5edad21 wp-block-group-is-layout-flex\">\n<div class=\"wp-block-group is-vertical is-content-justification-stretch is-layout-flex wp-container-core-group-is-layout-353c4f5a wp-block-group-is-layout-flex\">\n<h2 class=\"wp-block-heading has-medium-font-size has-body-font-family\" style=\"font-style:normal;font-weight:600\">\u00c0 propos<\/h2>\n\n\n\n<div class=\"wp-block-group is-vertical is-layout-flex wp-container-core-group-is-layout-ea0cb840 wp-block-group-is-layout-flex\"><nav style=\"font-style:normal;font-weight:400;\" class=\"has-small-font-size  is-vertical wp-block-navigation is-layout-flex wp-container-core-navigation-is-layout-ea0cb840 wp-block-navigation-is-layout-flex\" aria-label=\"\u00c0 propos \u00c0 propos\"><ul style=\"font-style:normal;font-weight:400;\" class=\"wp-block-navigation__container has-small-font-size  is-vertical wp-block-navigation has-small-font-size\" aria-label=\"\u00c0 propos\"><li class=\"has-small-font-size wp-block-navigation-item wp-block-navigation-link\"><a class=\"wp-block-navigation-item__content\"  href=\"#\"><span class=\"wp-block-navigation-item__label\">\u00c9quipe<\/span><\/a><\/li><li class=\"has-small-font-size wp-block-navigation-item wp-block-navigation-link\"><a class=\"wp-block-navigation-item__content\"  href=\"#\"><span class=\"wp-block-navigation-item__label\">Histoire<\/span><\/a><\/li><li class=\"has-small-font-size wp-block-navigation-item wp-block-navigation-link\"><a class=\"wp-block-navigation-item__content\"  href=\"#\"><span class=\"wp-block-navigation-item__label\">Emplois<\/span><\/a><\/li><\/ul><\/nav><\/div>\n<\/div>\n\n\n\n<div class=\"wp-block-group is-vertical is-content-justification-stretch is-layout-flex wp-container-core-group-is-layout-353c4f5a wp-block-group-is-layout-flex\">\n<h2 class=\"wp-block-heading has-medium-font-size has-body-font-family\" style=\"font-style:normal;font-weight:600\">Confidentialit\u00e9<\/h2>\n\n\n\n<div class=\"wp-block-group is-vertical is-layout-flex wp-container-core-group-is-layout-ea0cb840 wp-block-group-is-layout-flex\"><nav style=\"font-style:normal;font-weight:400;\" class=\"has-small-font-size  is-vertical wp-block-navigation is-layout-flex wp-container-core-navigation-is-layout-ea0cb840 wp-block-navigation-is-layout-flex\" aria-label=\"Confidentialit\u00e9 Confidentialit\u00e9\"><ul style=\"font-style:normal;font-weight:400;\" class=\"wp-block-navigation__container has-small-font-size  is-vertical wp-block-navigation has-small-font-size\" aria-label=\"Confidentialit\u00e9\"><li class=\"has-small-font-size wp-block-navigation-item wp-block-navigation-link\"><a class=\"wp-block-navigation-item__content\"  href=\"#\"><span class=\"wp-block-navigation-item__label\">Politique de confidentialit\u00e9<\/span><\/a><\/li><li class=\"has-small-font-size wp-block-navigation-item wp-block-navigation-link\"><a class=\"wp-block-navigation-item__content\"  href=\"#\"><span class=\"wp-block-navigation-item__label\">Conditions g\u00e9n\u00e9rales<\/span><\/a><\/li><li class=\"has-small-font-size wp-block-navigation-item wp-block-navigation-link\"><a class=\"wp-block-navigation-item__content\"  href=\"#\"><span class=\"wp-block-navigation-item__label\">Nous contacter<\/span><\/a><\/li><\/ul><\/nav><\/div>\n<\/div>\n\n\n\n<div class=\"wp-block-group is-vertical is-content-justification-stretch is-layout-flex wp-container-core-group-is-layout-353c4f5a wp-block-group-is-layout-flex\">\n<h2 class=\"wp-block-heading has-medium-font-size has-body-font-family\" style=\"font-style:normal;font-weight:600\">R\u00e9seaux sociaux<\/h2>\n\n\n\n<div class=\"wp-block-group is-vertical is-layout-flex wp-container-core-group-is-layout-ea0cb840 wp-block-group-is-layout-flex\"><nav style=\"font-style:normal;font-weight:400;\" class=\"has-small-font-size  is-vertical wp-block-navigation is-layout-flex wp-container-core-navigation-is-layout-ea0cb840 wp-block-navigation-is-layout-flex\" aria-label=\"R\u00e9seaux sociaux R\u00e9seaux sociaux\"><ul style=\"font-style:normal;font-weight:400;\" class=\"wp-block-navigation__container has-small-font-size  is-vertical wp-block-navigation has-small-font-size\" aria-label=\"R\u00e9seaux sociaux\"><li class=\"has-small-font-size wp-block-navigation-item wp-block-navigation-link\"><a class=\"wp-block-navigation-item__content\"  href=\"#\"><span class=\"wp-block-navigation-item__label\">\u00c9quipe<\/span><\/a><\/li><li class=\"has-small-font-size wp-block-navigation-item wp-block-navigation-link\"><a class=\"wp-block-navigation-item__content\"  href=\"#\"><span class=\"wp-block-navigation-item__label\">Histoire<\/span><\/a><\/li><\/ul><\/nav><\/div>\n<\/div>\n<\/div>\n<\/div>\n<\/div>\n\n\n\n<div class=\"wp-block-group alignwide is-layout-flow wp-block-group-is-layout-flow\" style=\"padding-top:var(--wp--preset--spacing--50);padding-bottom:0\">\n<p class=\"has-contrast-2-color has-text-color has-link-color has-small-font-size wp-elements-926c97d1fc30a796819ec9b0f96f49f5\">\n\t\tCon\u00e7u avec <a href=\"https:\/\/fr.wordpress.org\" rel=\"nofollow\">WordPress<\/a>\t\t<\/p>\n<\/div>\n<\/div>\n","protected":false},"excerpt":{"rendered":"<p>Le Studio 2C est un collectif d&#8217;artistes travaillant dans l&#8217;\u00e9dition et le jeu vid\u00e9o Site en cours de construction \u00c0 propos Confidentialit\u00e9 R\u00e9seaux sociaux Con\u00e7u avec WordPress<\/p>\n","protected":false},"author":1,"featured_media":0,"parent":0,"menu_order":0,"comment_status":"closed","ping_status":"closed","template":"","meta":{"footnotes":""},"class_list":["post-32","page","type-page","status-publish","hentry"],"_links":{"self":[{"href":"https:\/\/studio2c.net\/index.php?rest_route=\/wp\/v2\/pages\/32","targetHints":{"allow":["GET"]}}],"collection":[{"href":"https:\/\/studio2c.net\/index.php?rest_route=\/wp\/v2\/pages"}],"about":[{"href":"https:\/\/studio2c.net\/index.php?rest_route=\/wp\/v2\/types\/page"}],"author":[{"embeddable":true,"href":"https:\/\/studio2c.net\/index.php?rest_route=\/wp\/v2\/users\/1"}],"replies":[{"embeddable":true,"href":"https:\/\/studio2c.net\/index.php?rest_route=%2Fwp%2Fv2%2Fcomments&post=32"}],"version-history":[{"count":5,"href":"https:\/\/studio2c.net\/index.php?rest_route=\/wp\/v2\/pages\/32\/revisions"}],"predecessor-version":[{"id":51,"href":"https:\/\/studio2c.net\/index.php?rest_route=\/wp\/v2\/pages\/32\/revisions\/51"}],"wp:attachment":[{"href":"https:\/\/studio2c.net\/index.php?rest_route=%2Fwp%2Fv2%2Fmedia&parent=32"}],"curies":[{"name":"wp","href":"https:\/\/api.w.org\/{rel}","templated":true}]}}